{"id":77,"date":"2024-06-20T22:13:26","date_gmt":"2024-06-20T20:13:26","guid":{"rendered":"https:\/\/vecteur.ai\/?page_id=77"},"modified":"2024-08-05T21:57:05","modified_gmt":"2024-08-05T19:57:05","slug":"mentions-legales","status":"publish","type":"page","link":"https:\/\/vecteur.ai\/en\/mentions-legales\/","title":{"rendered":"Legal notice"},"content":{"rendered":"<div data-elementor-type=\"wp-page\" data-elementor-id=\"77\" class=\"elementor elementor-77\" data-elementor-post-type=\"page\">\n\t\t\t\t<div class=\"elementor-element elementor-element-dfa1d3e e-flex e-con-boxed e-con e-parent\" data-id=\"dfa1d3e\" data-element_type=\"container\">\n\t\t\t\t\t<div class=\"e-con-inner\">\n\t\t\t\t<div class=\"elementor-element elementor-element-a7ac7d1 elementor-widget elementor-widget-heading\" data-id=\"a7ac7d1\" data-element_type=\"widget\" data-widget_type=\"heading.default\">\n\t\t\t\t<div class=\"elementor-widget-container\">\n\t\t\t\t\t<h2 class=\"elementor-heading-title elementor-size-default\">Legal notice<\/h2>\t\t\t\t<\/div>\n\t\t\t\t<\/div>\n\t\t\t\t<div class=\"elementor-element elementor-element-91ae604 elementor-widget elementor-widget-text-editor\" data-id=\"91ae604\" data-element_type=\"widget\" data-widget_type=\"text-editor.default\">\n\t\t\t\t<div class=\"elementor-widget-container\">\n\t\t\t\t\t\t\t\t\t<h2>1. General Information<\/h2>\n<span style=\"text-decoration: underline;\"><strong>Site Owner:<\/strong><\/span>\n<ul>\n \t<li><strong>Name or company name:<\/strong> SAS LE VECTEUR<\/li>\n \t<li><strong>Legal form:<\/strong> Soci\u00e9t\u00e9 par Actions Simplifi\u00e9e (SAS)<\/li>\n \t<li><strong>Capital social :<\/strong> \u20ac1,000<\/li>\n \t<li><strong>Registration<\/strong> Bordeaux RCS, number 927 912 071 00010<\/li>\n \t<li><strong>Address:<\/strong> 167 avenue du Truc, 33700 M\u00e9rignac, France<\/li>\n \t<li><a href=\"tel:+33620350289\">Phone<\/a><\/li>\n \t<li><a href=\"mailto:vecteur.ai@gmail.com\">email<\/a><\/li>\n<\/ul>\n<span style=\"text-decoration: underline;\"><strong>Publication Director:<\/strong><\/span>\n<ul>\n \t<li><strong>Name:<\/strong> Naud Mathieu<\/li>\n<\/ul>\n<span style=\"text-decoration: underline;\"><strong>Site Host:<\/strong><\/span>\n<ul>\n \t<li><strong>Host name:<\/strong> OVH<\/li>\n \t<li><strong>Address:<\/strong> 2 rue Kellermann, 59100 Roubaix, France<\/li>\n \t<li><strong>Phone<\/strong> <a href=\"tel:+33955006633\">+33 9 55 00 66 33<\/a><\/li>\n<\/ul>\n<h2>Access to the webite<\/h2>\nThe website is freely accessible from any location to any user with an internet connection. All costs incurred by the user to access the service (computer hardware, software, internet connection, etc.) are the user's responsibility.\n<h2>3. Data Collection<\/h2>\nThe site ensures that personal information is collected and processed in compliance with privacy laws according to French law no. 78-17 of January 6, 1978, related to data processing, files, and freedoms (Data Protection Act). Under this law, the user has the right to access, correct, delete, and object to their personal data. The user can exercise these rights via email.\n<h2>4. Intellectual Property<\/h2>\nTrademarks, logos, signs, and all site content (texts, images, sounds, etc.) are protected by the Intellectual Property Code and, more specifically, by copyright. The \"Le Vecteur\" trademark is a registered trademark of SAS Le Vecteur. Any representation and\/or reproduction and\/or exploitation, in whole or in part, of this trademark, of any nature whatsoever, is strictly prohibited. The user must seek prior authorization from the site for any reproduction, publication, or copying of content. They agree to use the site\u2019s content only for strictly private purposes. Any commercial or advertising use is strictly forbidden. Any total or partial representation of the site by any means without the express permission of the site operator would constitute an infringement punishable under Articles L 335-2 and following of the Intellectual Property Code. According to Article L122-5 of the Intellectual Property Code, users who reproduce, copy, or publish protected content must cite the author and source.\n<h2>5. Responsibility<\/h2>\nThe sources of information disseminated on the site vecteur.ai are considered reliable, but the site does not guarantee that it is free from defects, errors, or omissions. The information provided is for general and informational purposes only and has no contractual value. Despite regular updates, the site vecteur.ai cannot be held responsible for changes to administrative and legal provisions occurring after publication. Similarly, the site cannot be held responsible for the use and interpretation of the information contained on this site. The site vecteur.ai is not responsible for any viruses that may infect the user\u2019s computer or any IT equipment due to use, access, or download from the site. The site\u2019s responsibility cannot be engaged in cases of force majeure or due to unforeseeable and insurmountable actions by a third party.\n<h2>6. Hyperlinks<\/h2>\nHyperlinks may be present on the site. The user is informed that by clicking on these links, they will leave the site vecteur.ai. The site has no control over the web pages to which these links lead and cannot be held responsible for their content.\n<h2>7. Cookies<\/h2>\nThe user is informed that during their visits to the site, a cookie may be automatically installed on their browser. Cookies are small files temporarily stored on the user\u2019s computer hard drive by the browser and are necessary for the use of the site. Cookies do not contain personal information and cannot be used to identify someone. A cookie contains a unique, randomly generated, and therefore anonymous identifier. Some cookies expire at the end of the user's visit, while others persist. The information contained in cookies is used to improve the site. However, the user must consent to the use of certain cookies. If consent is not given, the user is informed that certain features or pages may be denied. The user can disable these cookies via the cookie banner present on the site.\n<h2>8. Applicable Law and Competent Jurisdiction<\/h2>\nFrench law applies to this contract. In the event of failure to resolve a dispute amicably between the parties, French courts will have sole jurisdiction. For any questions related to the application of these Terms and Conditions, you can contact the responsible person at the contact details provided above.\t\t\t\t\t\t\t\t<\/div>\n\t\t\t\t<\/div>\n\t\t\t\t\t<\/div>\n\t\t\t\t<\/div>\n\t\t\t\t<\/div>","protected":false},"excerpt":{"rendered":"<p>Mentions l\u00e9gales 1. Informations g\u00e9n\u00e9rales Propri\u00e9taire du site : Nom ou raison sociale : SAS LE VECTEUR Forme juridique : Soci\u00e9t\u00e9 par Actions Simplifi\u00e9e (SAS) Capital social : 1 000 euros Immatriculation : RCS Bordeaux, num\u00e9ro 927 912 071 00010 Adresse : 167 avenue du Truc, 33700 M\u00e9rignac, France T\u00e9l\u00e9phone email Directeur de la publication [&hellip;]<\/p>\n","protected":false},"author":1,"featured_media":0,"parent":0,"menu_order":0,"comment_status":"closed","ping_status":"closed","template":"","meta":{"footnotes":""},"class_list":["post-77","page","type-page","status-publish","hentry"],"yoast_head":"<!-- This site is optimized with the Yoast SEO plugin v27.0 - https:\/\/yoast.com\/product\/yoast-seo-wordpress\/ -->\n<title>Mentions l\u00e9gales - Le Vecteur<\/title>\n<meta name=\"robots\" content=\"index, follow, max-snippet:-1, max-image-preview:large, max-video-preview:-1\" \/>\n<link rel=\"canonical\" href=\"https:\/\/vecteur.ai\/en\/mentions-legales\/\" \/>\n<meta property=\"og:locale\" content=\"en_US\" \/>\n<meta property=\"og:type\" content=\"article\" \/>\n<meta property=\"og:title\" content=\"Mentions l\u00e9gales - Le Vecteur\" \/>\n<meta property=\"og:description\" content=\"Mentions l\u00e9gales 1. Informations g\u00e9n\u00e9rales Propri\u00e9taire du site : Nom ou raison sociale : SAS LE VECTEUR Forme juridique : Soci\u00e9t\u00e9 par Actions Simplifi\u00e9e (SAS) Capital social : 1 000 euros Immatriculation : RCS Bordeaux, num\u00e9ro 927 912 071 00010 Adresse : 167 avenue du Truc, 33700 M\u00e9rignac, France T\u00e9l\u00e9phone email Directeur de la publication [&hellip;]\" \/>\n<meta property=\"og:url\" content=\"https:\/\/vecteur.ai\/en\/mentions-legales\/\" \/>\n<meta property=\"og:site_name\" content=\"Le Vecteur\" \/>\n<meta property=\"article:modified_time\" content=\"2024-08-05T19:57:05+00:00\" \/>\n<meta name=\"twitter:card\" content=\"summary_large_image\" \/>\n<meta name=\"twitter:label1\" content=\"Est. reading time\" \/>\n\t<meta name=\"twitter:data1\" content=\"4 minutes\" \/>\n<script type=\"application\/ld+json\" class=\"yoast-schema-graph\">{\"@context\":\"https:\/\/schema.org\",\"@graph\":[{\"@type\":\"WebPage\",\"@id\":\"https:\/\/vecteur.ai\/mentions-legales\/\",\"url\":\"https:\/\/vecteur.ai\/mentions-legales\/\",\"name\":\"Mentions l\u00e9gales - Le Vecteur\",\"isPartOf\":{\"@id\":\"https:\/\/vecteur.ai\/#website\"},\"datePublished\":\"2024-06-20T20:13:26+00:00\",\"dateModified\":\"2024-08-05T19:57:05+00:00\",\"breadcrumb\":{\"@id\":\"https:\/\/vecteur.ai\/mentions-legales\/#breadcrumb\"},\"inLanguage\":\"en-US\",\"potentialAction\":[{\"@type\":\"ReadAction\",\"target\":[\"https:\/\/vecteur.ai\/mentions-legales\/\"]}]},{\"@type\":\"BreadcrumbList\",\"@id\":\"https:\/\/vecteur.ai\/mentions-legales\/#breadcrumb\",\"itemListElement\":[{\"@type\":\"ListItem\",\"position\":1,\"name\":\"Accueil\",\"item\":\"https:\/\/vecteur.ai\/\"},{\"@type\":\"ListItem\",\"position\":2,\"name\":\"Mentions l\u00e9gales\"}]},{\"@type\":\"WebSite\",\"@id\":\"https:\/\/vecteur.ai\/#website\",\"url\":\"https:\/\/vecteur.ai\/\",\"name\":\"Le Vecteur\",\"description\":\"\",\"publisher\":{\"@id\":\"https:\/\/vecteur.ai\/#organization\"},\"potentialAction\":[{\"@type\":\"SearchAction\",\"target\":{\"@type\":\"EntryPoint\",\"urlTemplate\":\"https:\/\/vecteur.ai\/?s={search_term_string}\"},\"query-input\":{\"@type\":\"PropertyValueSpecification\",\"valueRequired\":true,\"valueName\":\"search_term_string\"}}],\"inLanguage\":\"en-US\"},{\"@type\":\"Organization\",\"@id\":\"https:\/\/vecteur.ai\/#organization\",\"name\":\"Le Vecteur\",\"url\":\"https:\/\/vecteur.ai\/\",\"logo\":{\"@type\":\"ImageObject\",\"inLanguage\":\"en-US\",\"@id\":\"https:\/\/vecteur.ai\/#\/schema\/logo\/image\/\",\"url\":\"https:\/\/vecteur.ai\/wp-content\/uploads\/2024\/05\/logo_LeVecteur_bleu_test.png\",\"contentUrl\":\"https:\/\/vecteur.ai\/wp-content\/uploads\/2024\/05\/logo_LeVecteur_bleu_test.png\",\"width\":536,\"height\":179,\"caption\":\"Le Vecteur\"},\"image\":{\"@id\":\"https:\/\/vecteur.ai\/#\/schema\/logo\/image\/\"}}]}<\/script>\n<!-- \/ Yoast SEO plugin. -->","yoast_head_json":{"title":"Mentions l\u00e9gales - Le Vecteur","robots":{"index":"index","follow":"follow","max-snippet":"max-snippet:-1","max-image-preview":"max-image-preview:large","max-video-preview":"max-video-preview:-1"},"canonical":"https:\/\/vecteur.ai\/en\/mentions-legales\/","og_locale":"en_US","og_type":"article","og_title":"Mentions l\u00e9gales - Le Vecteur","og_description":"Mentions l\u00e9gales 1. Informations g\u00e9n\u00e9rales Propri\u00e9taire du site : Nom ou raison sociale : SAS LE VECTEUR Forme juridique : Soci\u00e9t\u00e9 par Actions Simplifi\u00e9e (SAS) Capital social : 1 000 euros Immatriculation : RCS Bordeaux, num\u00e9ro 927 912 071 00010 Adresse : 167 avenue du Truc, 33700 M\u00e9rignac, France T\u00e9l\u00e9phone email Directeur de la publication [&hellip;]","og_url":"https:\/\/vecteur.ai\/en\/mentions-legales\/","og_site_name":"Le Vecteur","article_modified_time":"2024-08-05T19:57:05+00:00","twitter_card":"summary_large_image","twitter_misc":{"Est. reading time":"4 minutes"},"schema":{"@context":"https:\/\/schema.org","@graph":[{"@type":"WebPage","@id":"https:\/\/vecteur.ai\/mentions-legales\/","url":"https:\/\/vecteur.ai\/mentions-legales\/","name":"Mentions l\u00e9gales - Le Vecteur","isPartOf":{"@id":"https:\/\/vecteur.ai\/#website"},"datePublished":"2024-06-20T20:13:26+00:00","dateModified":"2024-08-05T19:57:05+00:00","breadcrumb":{"@id":"https:\/\/vecteur.ai\/mentions-legales\/#breadcrumb"},"inLanguage":"en-US","potentialAction":[{"@type":"ReadAction","target":["https:\/\/vecteur.ai\/mentions-legales\/"]}]},{"@type":"BreadcrumbList","@id":"https:\/\/vecteur.ai\/mentions-legales\/#breadcrumb","itemListElement":[{"@type":"ListItem","position":1,"name":"Accueil","item":"https:\/\/vecteur.ai\/"},{"@type":"ListItem","position":2,"name":"Mentions l\u00e9gales"}]},{"@type":"WebSite","@id":"https:\/\/vecteur.ai\/#website","url":"https:\/\/vecteur.ai\/","name":"Le Vecteur","description":"","publisher":{"@id":"https:\/\/vecteur.ai\/#organization"},"potentialAction":[{"@type":"SearchAction","target":{"@type":"EntryPoint","urlTemplate":"https:\/\/vecteur.ai\/?s={search_term_string}"},"query-input":{"@type":"PropertyValueSpecification","valueRequired":true,"valueName":"search_term_string"}}],"inLanguage":"en-US"},{"@type":"Organization","@id":"https:\/\/vecteur.ai\/#organization","name":"Le Vecteur","url":"https:\/\/vecteur.ai\/","logo":{"@type":"ImageObject","inLanguage":"en-US","@id":"https:\/\/vecteur.ai\/#\/schema\/logo\/image\/","url":"https:\/\/vecteur.ai\/wp-content\/uploads\/2024\/05\/logo_LeVecteur_bleu_test.png","contentUrl":"https:\/\/vecteur.ai\/wp-content\/uploads\/2024\/05\/logo_LeVecteur_bleu_test.png","width":536,"height":179,"caption":"Le Vecteur"},"image":{"@id":"https:\/\/vecteur.ai\/#\/schema\/logo\/image\/"}}]}},"_links":{"self":[{"href":"https:\/\/vecteur.ai\/en\/wp-json\/wp\/v2\/pages\/77","targetHints":{"allow":["GET"]}}],"collection":[{"href":"https:\/\/vecteur.ai\/en\/wp-json\/wp\/v2\/pages"}],"about":[{"href":"https:\/\/vecteur.ai\/en\/wp-json\/wp\/v2\/types\/page"}],"author":[{"embeddable":true,"href":"https:\/\/vecteur.ai\/en\/wp-json\/wp\/v2\/users\/1"}],"replies":[{"embeddable":true,"href":"https:\/\/vecteur.ai\/en\/wp-json\/wp\/v2\/comments?post=77"}],"version-history":[{"count":16,"href":"https:\/\/vecteur.ai\/en\/wp-json\/wp\/v2\/pages\/77\/revisions"}],"predecessor-version":[{"id":1091,"href":"https:\/\/vecteur.ai\/en\/wp-json\/wp\/v2\/pages\/77\/revisions\/1091"}],"wp:attachment":[{"href":"https:\/\/vecteur.ai\/en\/wp-json\/wp\/v2\/media?parent=77"}],"curies":[{"name":"wp","href":"https:\/\/api.w.org\/{rel}","templated":true}]}}